{"id":7,"date":"2026-04-15T11:49:36","date_gmt":"2026-04-15T09:49:36","guid":{"rendered":"https:\/\/blog.ekorys.fr\/?page_id=7"},"modified":"2026-04-15T14:53:29","modified_gmt":"2026-04-15T12:53:29","slug":"accueil","status":"publish","type":"page","link":"https:\/\/www.ekorys.fr\/blog\/","title":{"rendered":"Accueil"},"content":{"rendered":"\n<div class=\"wp-block-columns alignfull is-layout-flex wp-container-core-columns-is-layout-81213e5a wp-block-columns-is-layout-flex\" style=\"margin-top:0;margin-bottom:0\">\n<div class=\"wp-block-column is-layout-flow wp-block-column-is-layout-flow\">\n<h1 class=\"wp-block-heading has-large-font-size\">Solutions de tri des d\u00e9chets en entreprise : \u00e9quipements professionnels<\/h1>\n\n\n\n<p class=\"has-text-align-left\" style=\"padding-top:var(--wp--preset--spacing--20);padding-right:0;padding-bottom:var(--wp--preset--spacing--20);padding-left:0\">Optimisez la gestion de vos d\u00e9chets avec des \u00e9quipements adapt\u00e9s, conformes aux normes et pens\u00e9s pour votre activit\u00e9. Gagnez en efficacit\u00e9, r\u00e9duisez vos co\u00fbts et mettez en place un tri simple et performant au sein de votre entreprise.<\/p>\n\n\n\n<div class=\"wp-block-buttons alignfull is-layout-flex wp-container-core-buttons-is-layout-168ce233 wp-block-buttons-is-layout-flex\">\n<div class=\"wp-block-button\"><a class=\"wp-block-button__link has-text-align-center wp-element-button\" href=\"https:\/\/ekorys.fr\">Acc\u00e9der \u00e0 nos solutions de tri<\/a><\/div>\n<\/div>\n<\/div>\n\n\n\n<div class=\"wp-block-column is-layout-flow wp-block-column-is-layout-flow\">\n<figure class=\"wp-block-image aligncenter size-full has-custom-border hero-image wp-duotone-unset-1\"><img loading=\"lazy\" decoding=\"async\" width=\"1536\" height=\"1024\" src=\"https:\/\/blog.ekorys.fr\/wp-content\/uploads\/2026\/04\/fond_ekorys.png\" alt=\"\" class=\"wp-image-50\" style=\"border-style:none;border-width:0px;border-top-left-radius:22px;border-top-right-radius:22px;border-bottom-left-radius:22px;border-bottom-right-radius:22px\" srcset=\"https:\/\/www.ekorys.fr\/blog\/wp-content\/uploads\/2026\/04\/fond_ekorys.png 1536w, https:\/\/www.ekorys.fr\/blog\/wp-content\/uploads\/2026\/04\/fond_ekorys-300x200.png 300w, https:\/\/www.ekorys.fr\/blog\/wp-content\/uploads\/2026\/04\/fond_ekorys-1024x683.png 1024w, https:\/\/www.ekorys.fr\/blog\/wp-content\/uploads\/2026\/04\/fond_ekorys-768x512.png 768w\" sizes=\"auto, (max-width: 1536px) 100vw, 1536px\" \/><\/figure>\n<\/div>\n<\/div>\n\n\n\n<div class=\"wp-block-group alignfull is-layout-constrained wp-block-group-is-layout-constrained\" style=\"margin-top:var(--wp--preset--spacing--20);margin-bottom:var(--wp--preset--spacing--20)\">\n<h2 class=\"wp-block-heading\">Nos derniers conseils sur la gestion des d\u00e9chets<\/h2>\n\n\n\n<div class=\"wp-block-query is-layout-flow wp-block-query-is-layout-flow\"><ul class=\"wp-block-post-template is-layout-flow wp-block-post-template-is-layout-flow\"><li class=\"wp-block-post post-141 post type-post status-publish format-standard has-post-thumbnail hentry category-equipements-solutions-dechets\">\n\n<div class=\"wp-block-columns alignwide is-layout-flex wp-container-core-columns-is-layout-28f84493 wp-block-columns-is-layout-flex\">\n<div class=\"wp-block-column is-layout-flow wp-block-column-is-layout-flow\" style=\"flex-basis:66.68%\"><figure style=\"aspect-ratio:16\/9; padding-right:0;padding-left:0;margin-right:var(--wp--preset--spacing--60);margin-left:var(--wp--preset--spacing--60);\" class=\"wp-block-post-featured-image\"><a href=\"https:\/\/www.ekorys.fr\/blog\/2026\/04\/15\/quel-equipement-tri-selectif-pour-open-space\/\" target=\"_blank\"  ><img loading=\"lazy\" decoding=\"async\" width=\"300\" height=\"201\" src=\"https:\/\/www.ekorys.fr\/blog\/wp-content\/uploads\/2026\/04\/corbeille-tri-selectif-compacte-poste-travail-300x201.webp\" class=\"attachment-medium size-medium wp-post-image\" alt=\"Quel \u00e9quipement tri s\u00e9lectif choisir pour un open space ? Guide Ekorys\" style=\"width:100%;height:100%;object-fit:cover;\" srcset=\"https:\/\/www.ekorys.fr\/blog\/wp-content\/uploads\/2026\/04\/corbeille-tri-selectif-compacte-poste-travail-300x201.webp 300w, https:\/\/www.ekorys.fr\/blog\/wp-content\/uploads\/2026\/04\/corbeille-tri-selectif-compacte-poste-travail-1024x687.webp 1024w, https:\/\/www.ekorys.fr\/blog\/wp-content\/uploads\/2026\/04\/corbeille-tri-selectif-compacte-poste-travail-768x515.webp 768w, https:\/\/www.ekorys.fr\/blog\/wp-content\/uploads\/2026\/04\/corbeille-tri-selectif-compacte-poste-travail.webp 1264w\" sizes=\"auto, (max-width: 300px) 100vw, 300px\" \/><span class=\"wp-block-post-featured-image__overlay has-background-dim has-background-dim-20\" style=\"\" aria-hidden=\"true\"><\/span><\/a><\/figure><\/div>\n\n\n\n<div class=\"wp-block-column is-layout-flow wp-block-column-is-layout-flow\" style=\"flex-basis:33.32%\"><h3 class=\"wp-block-post-title\"><a href=\"https:\/\/www.ekorys.fr\/blog\/2026\/04\/15\/quel-equipement-tri-selectif-pour-open-space\/\" target=\"_self\" >Quel \u00e9quipement tri s\u00e9lectif choisir pour un open space ? Guide Ekorys<\/a><\/h3>\n\n<div class=\"wp-block-post-excerpt\"><p class=\"wp-block-post-excerpt__excerpt\">D\u00e9couvrez nos solutions pour \u00e9quiper votre open space : stations multi-flux, corbeilles modulaires et poubelles tri s\u00e9lectif design. Optimisez votre tri s\u00e9lectif avec Ekorys. <\/p><\/div><\/div>\n<\/div>\n\n<\/li><li class=\"wp-block-post post-137 post type-post status-publish format-standard has-post-thumbnail hentry category-blog\">\n\n<div class=\"wp-block-columns alignwide is-layout-flex wp-container-core-columns-is-layout-28f84493 wp-block-columns-is-layout-flex\">\n<div class=\"wp-block-column is-layout-flow wp-block-column-is-layout-flow\" style=\"flex-basis:66.68%\"><figure style=\"aspect-ratio:16\/9; padding-right:0;padding-left:0;margin-right:var(--wp--preset--spacing--60);margin-left:var(--wp--preset--spacing--60);\" class=\"wp-block-post-featured-image\"><a href=\"https:\/\/www.ekorys.fr\/blog\/2026\/04\/15\/poubelle-tri-selectif-2-bacs\/\" target=\"_blank\"  ><img loading=\"lazy\" decoding=\"async\" width=\"300\" height=\"201\" src=\"https:\/\/www.ekorys.fr\/blog\/wp-content\/uploads\/2026\/04\/poubelle-tri-selectif-a-deux-bacs-acier-inoxydable-300x201.webp\" class=\"attachment-medium size-medium wp-post-image\" alt=\"Poubelle tri s\u00e9lectif 2 bacs : Notre guide complet d&rsquo;achat 2026\" style=\"width:100%;height:100%;object-fit:cover;\" srcset=\"https:\/\/www.ekorys.fr\/blog\/wp-content\/uploads\/2026\/04\/poubelle-tri-selectif-a-deux-bacs-acier-inoxydable-300x201.webp 300w, https:\/\/www.ekorys.fr\/blog\/wp-content\/uploads\/2026\/04\/poubelle-tri-selectif-a-deux-bacs-acier-inoxydable-1024x687.webp 1024w, https:\/\/www.ekorys.fr\/blog\/wp-content\/uploads\/2026\/04\/poubelle-tri-selectif-a-deux-bacs-acier-inoxydable-768x515.webp 768w, https:\/\/www.ekorys.fr\/blog\/wp-content\/uploads\/2026\/04\/poubelle-tri-selectif-a-deux-bacs-acier-inoxydable.webp 1264w\" sizes=\"auto, (max-width: 300px) 100vw, 300px\" \/><span class=\"wp-block-post-featured-image__overlay has-background-dim has-background-dim-20\" style=\"\" aria-hidden=\"true\"><\/span><\/a><\/figure><\/div>\n\n\n\n<div class=\"wp-block-column is-layout-flow wp-block-column-is-layout-flow\" style=\"flex-basis:33.32%\"><h3 class=\"wp-block-post-title\"><a href=\"https:\/\/www.ekorys.fr\/blog\/2026\/04\/15\/poubelle-tri-selectif-2-bacs\/\" target=\"_self\" >Poubelle tri s\u00e9lectif 2 bacs : Notre guide complet d&rsquo;achat 2026<\/a><\/h3>\n\n<div class=\"wp-block-post-excerpt\"><p class=\"wp-block-post-excerpt__excerpt\">Tout savoir sur les poubelles de tri s\u00e9lectif \u00e0 2 compartiments. Comparatif prix, tailles (30L \u00e0 60L), mat\u00e9riaux et avis sur les mod\u00e8les coulissants et encastrables. <\/p><\/div><\/div>\n<\/div>\n\n<\/li><li class=\"wp-block-post post-134 post type-post status-publish format-standard has-post-thumbnail hentry category-reglementation-dechets\">\n\n<div class=\"wp-block-columns alignwide is-layout-flex wp-container-core-columns-is-layout-28f84493 wp-block-columns-is-layout-flex\">\n<div class=\"wp-block-column is-layout-flow wp-block-column-is-layout-flow\" style=\"flex-basis:66.68%\"><figure style=\"aspect-ratio:16\/9; padding-right:0;padding-left:0;margin-right:var(--wp--preset--spacing--60);margin-left:var(--wp--preset--spacing--60);\" class=\"wp-block-post-featured-image\"><a href=\"https:\/\/www.ekorys.fr\/blog\/2026\/04\/15\/reglementation-dechets-entreprise-moins-10-salaries\/\" target=\"_blank\"  ><img loading=\"lazy\" decoding=\"async\" width=\"134\" height=\"134\" src=\"https:\/\/www.ekorys.fr\/blog\/wp-content\/uploads\/2026\/04\/couvercle-pour-poubelle-de-tri-slim-jim-p-100022-5121551.jpg\" class=\"attachment-medium size-medium wp-post-image\" alt=\"R\u00e9glementation d\u00e9chets entreprise moins 10 salari\u00e9s : guide complet\" style=\"width:100%;height:100%;object-fit:cover;\" \/><span class=\"wp-block-post-featured-image__overlay has-background-dim has-background-dim-20\" style=\"\" aria-hidden=\"true\"><\/span><\/a><\/figure><\/div>\n\n\n\n<div class=\"wp-block-column is-layout-flow wp-block-column-is-layout-flow\" style=\"flex-basis:33.32%\"><h3 class=\"wp-block-post-title\"><a href=\"https:\/\/www.ekorys.fr\/blog\/2026\/04\/15\/reglementation-dechets-entreprise-moins-10-salaries\/\" target=\"_self\" >R\u00e9glementation d\u00e9chets entreprise moins 10 salari\u00e9s : guide complet<\/a><\/h3>\n\n<div class=\"wp-block-post-excerpt\"><p class=\"wp-block-post-excerpt__excerpt\">Tout savoir sur les obligations de tri et les r\u00e8gles de gestion des d\u00e9chets pour les petites structures. Tri \u00e0 la source, biod\u00e9chets et flux sp\u00e9cifiques expliqu\u00e9s. <\/p><\/div><\/div>\n<\/div>\n\n<\/li><li class=\"wp-block-post post-129 post type-post status-publish format-standard has-post-thumbnail hentry category-equipements-solutions-dechets\">\n\n<div class=\"wp-block-columns alignwide is-layout-flex wp-container-core-columns-is-layout-28f84493 wp-block-columns-is-layout-flex\">\n<div class=\"wp-block-column is-layout-flow wp-block-column-is-layout-flow\" style=\"flex-basis:66.68%\"><figure style=\"aspect-ratio:16\/9; padding-right:0;padding-left:0;margin-right:var(--wp--preset--spacing--60);margin-left:var(--wp--preset--spacing--60);\" class=\"wp-block-post-featured-image\"><a href=\"https:\/\/www.ekorys.fr\/blog\/2026\/04\/15\/benne-de-tri-chantier\/\" target=\"_blank\"  ><img loading=\"lazy\" decoding=\"async\" width=\"300\" height=\"201\" src=\"https:\/\/www.ekorys.fr\/blog\/wp-content\/uploads\/2026\/04\/arbre-decision-selectionner-type-benne-300x201.webp\" class=\"attachment-medium size-medium wp-post-image\" alt=\"Guide complet de la benne de tri chantier\" style=\"width:100%;height:100%;object-fit:cover;\" srcset=\"https:\/\/www.ekorys.fr\/blog\/wp-content\/uploads\/2026\/04\/arbre-decision-selectionner-type-benne-300x201.webp 300w, https:\/\/www.ekorys.fr\/blog\/wp-content\/uploads\/2026\/04\/arbre-decision-selectionner-type-benne-1024x687.webp 1024w, https:\/\/www.ekorys.fr\/blog\/wp-content\/uploads\/2026\/04\/arbre-decision-selectionner-type-benne-768x515.webp 768w, https:\/\/www.ekorys.fr\/blog\/wp-content\/uploads\/2026\/04\/arbre-decision-selectionner-type-benne.webp 1264w\" sizes=\"auto, (max-width: 300px) 100vw, 300px\" \/><span class=\"wp-block-post-featured-image__overlay has-background-dim has-background-dim-20\" style=\"\" aria-hidden=\"true\"><\/span><\/a><\/figure><\/div>\n\n\n\n<div class=\"wp-block-column is-layout-flow wp-block-column-is-layout-flow\" style=\"flex-basis:33.32%\"><h3 class=\"wp-block-post-title\"><a href=\"https:\/\/www.ekorys.fr\/blog\/2026\/04\/15\/benne-de-tri-chantier\/\" target=\"_self\" >Guide complet de la benne de tri chantier<\/a><\/h3>\n\n<div class=\"wp-block-post-excerpt\"><p class=\"wp-block-post-excerpt__excerpt\">D\u00e9couvrez les types de bennes de tri pour chantier, leur utilit\u00e9 pour la collecte des d\u00e9chets et comment choisir selon vos besoins. <\/p><\/div><\/div>\n<\/div>\n\n<\/li><\/ul><\/div>\n<\/div>\n\n\n\n<div class=\"wp-block-columns alignfull is-layout-flex wp-container-core-columns-is-layout-28f84493 wp-block-columns-is-layout-flex\">\n<div class=\"wp-block-column is-vertically-aligned-top is-layout-flow wp-container-core-column-is-layout-6b73ce23 wp-block-column-is-layout-flow\">\n<h3 class=\"wp-block-heading has-text-align-left has-large-font-size\" style=\"margin-top:16px\">Besoin d\u2019aide pour choisir votre solution de tri ?<\/h3>\n\n\n\n<p>\ud83d\udcde +33 3 88 55 56 40<\/p>\n<\/div>\n\n\n\n<div class=\"wp-block-column is-layout-flow wp-block-column-is-layout-flow\">\n<div class=\"wp-block-group alignfull has-ast-global-color-5-background-color has-background is-layout-constrained wp-container-core-group-is-layout-3fd93ff3 wp-block-group-is-layout-constrained\" style=\"padding-bottom:0px\">\n<h2 class=\"wp-block-heading screen-reader-text\">What We Offer<\/h2>\n\n\n\n<div class=\"wp-block-columns are-vertically-aligned-top is-layout-flex wp-container-core-columns-is-layout-00723822 wp-block-columns-is-layout-flex\">\n<div class=\"wp-block-column is-vertically-aligned-top is-layout-flow wp-container-core-column-is-layout-6b73ce23 wp-block-column-is-layout-flow\">\n<h3 class=\"wp-block-heading has-text-align-left\" style=\"margin-top:16px\">Nos experts vous accompagnent gratuitement pour identifier les \u00e9quipements adapt\u00e9s \u00e0 votre activit\u00e9.<\/h3>\n\n\n\n<p class=\"has-text-align-left\">Contactez-nous d\u00e8s maintenant et obtenez un conseil personnalis\u00e9 en quelques minutes.<\/p>\n\n\n\n<div class=\"wp-block-buttons is-layout-flex wp-block-buttons-is-layout-flex\">\n<div class=\"wp-block-button has-custom-width wp-block-button__width-100\"><a class=\"wp-block-button__link has-small-font-size has-custom-font-size wp-element-button\" href=\"tel:+33388555640\">Appeler un conseiller<\/a><\/div>\n<\/div>\n<\/div>\n<\/div>\n<\/div>\n<\/div>\n<\/div>\n","protected":false},"excerpt":{"rendered":"<p>Solutions de tri des d\u00e9chets en entreprise : \u00e9quipements professionnels Optimisez la gestion de vos d\u00e9chets avec des \u00e9quipements adapt\u00e9s, [&hellip;]<\/p>\n","protected":false},"author":1,"featured_media":0,"parent":0,"menu_order":0,"comment_status":"closed","ping_status":"closed","template":"","meta":{"site-sidebar-layout":"no-sidebar","site-content-layout":"plain-container","ast-site-content-layout":"default","site-content-style":"default","site-sidebar-style":"default","ast-global-header-display":"","ast-banner-title-visibility":"","ast-main-header-display":"","ast-hfb-above-header-display":"","ast-hfb-below-header-display":"","ast-hfb-mobile-header-display":"","site-post-title":"disabled","ast-breadcrumbs-content":"","ast-featured-img":"","footer-sml-layout":"","ast-disable-related-posts":"","theme-transparent-header-meta":"enabled","adv-header-id-meta":"","stick-header-meta":"","header-above-stick-meta":"","header-main-stick-meta":"","header-below-stick-meta":"","astra-migrate-meta-layouts":"default","ast-page-background-enabled":"default","ast-page-background-meta":{"desktop":{"background-color":"var(--ast-global-color-5)","background-image":"","background-repeat":"repeat","background-position":"center center","background-size":"auto","background-attachment":"scroll","background-type":"","background-media":"","overlay-type":"","overlay-color":"","overlay-opacity":"","overlay-gradient":""},"tablet":{"background-color":"","background-image":"","background-repeat":"repeat","background-position":"center center","background-size":"auto","background-attachment":"scroll","background-type":"","background-media":"","overlay-type":"","overlay-color":"","overlay-opacity":"","overlay-gradient":""},"mobile":{"background-color":"","background-image":"","background-repeat":"repeat","background-position":"center center","background-size":"auto","background-attachment":"scroll","background-type":"","background-media":"","overlay-type":"","overlay-color":"","overlay-opacity":"","overlay-gradient":""}},"ast-content-background-meta":{"desktop":{"background-color":"var(--ast-global-color-4)","background-image":"","background-repeat":"repeat","background-position":"center center","background-size":"auto","background-attachment":"scroll","background-type":"","background-media":"","overlay-type":"","overlay-color":"","overlay-opacity":"","overlay-gradient":""},"tablet":{"background-color":"var(--ast-global-color-4)","background-image":"","background-repeat":"repeat","background-position":"center center","background-size":"auto","background-attachment":"scroll","background-type":"","background-media":"","overlay-type":"","overlay-color":"","overlay-opacity":"","overlay-gradient":""},"mobile":{"background-color":"var(--ast-global-color-4)","background-image":"","background-repeat":"repeat","background-position":"center center","background-size":"auto","background-attachment":"scroll","background-type":"","background-media":"","overlay-type":"","overlay-color":"","overlay-opacity":"","overlay-gradient":""}},"footnotes":""},"class_list":["post-7","page","type-page","status-publish","hentry"],"_links":{"self":[{"href":"https:\/\/www.ekorys.fr\/blog\/wp-json\/wp\/v2\/pages\/7","targetHints":{"allow":["GET"]}}],"collection":[{"href":"https:\/\/www.ekorys.fr\/blog\/wp-json\/wp\/v2\/pages"}],"about":[{"href":"https:\/\/www.ekorys.fr\/blog\/wp-json\/wp\/v2\/types\/page"}],"author":[{"embeddable":true,"href":"https:\/\/www.ekorys.fr\/blog\/wp-json\/wp\/v2\/users\/1"}],"replies":[{"embeddable":true,"href":"https:\/\/www.ekorys.fr\/blog\/wp-json\/wp\/v2\/comments?post=7"}],"version-history":[{"count":23,"href":"https:\/\/www.ekorys.fr\/blog\/wp-json\/wp\/v2\/pages\/7\/revisions"}],"predecessor-version":[{"id":94,"href":"https:\/\/www.ekorys.fr\/blog\/wp-json\/wp\/v2\/pages\/7\/revisions\/94"}],"wp:attachment":[{"href":"https:\/\/www.ekorys.fr\/blog\/wp-json\/wp\/v2\/media?parent=7"}],"curies":[{"name":"wp","href":"https:\/\/api.w.org\/{rel}","templated":true}]}}